{"id":43,"date":"2025-12-14T11:48:51","date_gmt":"2025-12-14T11:48:51","guid":{"rendered":"https:\/\/bozcell.com\/index.php\/sepet\/"},"modified":"2025-12-14T12:34:45","modified_gmt":"2025-12-14T12:34:45","slug":"sepet","status":"publish","type":"page","link":"https:\/\/bozcell.com\/?page_id=43","title":{"rendered":"Sepet"},"content":{"rendered":"\n<div data-block-name=\"woocommerce\/cart\" class=\"wp-block-woocommerce-cart alignwide is-loading\">\n<div data-block-name=\"woocommerce\/filled-cart-block\" class=\"wp-block-woocommerce-filled-cart-block\">\n<div data-block-name=\"woocommerce\/cart-items-block\" class=\"wp-block-woocommerce-cart-items-block\">\n<div data-block-name=\"woocommerce\/cart-line-items-block\" class=\"wp-block-woocommerce-cart-line-items-block\"><\/div>\n\n\n<\/div>\n\n\n\n\n<div data-block-name=\"woocommerce\/cart-totals-block\" class=\"wp-block-woocommerce-cart-totals-block\">\n<div data-block-name=\"woocommerce\/cart-order-summary-block\" class=\"wp-block-woocommerce-cart-order-summary-block\">\n<div data-block-name=\"woocommerce\/cart-order-summary-heading-block\" class=\"wp-block-woocommerce-cart-order-summary-heading-block\"><\/div><div data-block-name=\"woocommerce\/cart-order-summary-coupon-form-block\" class=\"wp-block-woocommerce-cart-order-summary-coupon-form-block\"><\/div><div data-block-name=\"woocommerce\/cart-order-summary-totals-block\" class=\"wp-block-woocommerce-cart-order-summary-totals-block\">\n<div data-block-name=\"woocommerce\/cart-order-summary-subtotal-block\" class=\"wp-block-woocommerce-cart-order-summary-subtotal-block\"><\/div>\n<div data-block-name=\"woocommerce\/cart-order-summary-discount-block\" class=\"wp-block-woocommerce-cart-order-summary-discount-block\"><\/div>\n<div data-block-name=\"woocommerce\/cart-order-summary-fee-block\" class=\"wp-block-woocommerce-cart-order-summary-fee-block\"><\/div>\n<div data-block-name=\"woocommerce\/cart-order-summary-shipping-block\" class=\"wp-block-woocommerce-cart-order-summary-shipping-block\"><\/div>\n<div data-block-name=\"woocommerce\/cart-order-summary-taxes-block\" class=\"wp-block-woocommerce-cart-order-summary-taxes-block\"><\/div><\/div>\n<\/div>\n\n\n\n<div data-block-name=\"woocommerce\/cart-express-payment-block\" class=\"wp-block-woocommerce-cart-express-payment-block\"><\/div>\n\n\n\n<div data-block-name=\"woocommerce\/proceed-to-checkout-block\" class=\"wp-block-woocommerce-proceed-to-checkout-block\"><\/div>\n\n\n\n<div data-block-name=\"woocommerce\/cart-accepted-payment-methods-block\" class=\"wp-block-woocommerce-cart-accepted-payment-methods-block\"><\/div>\n<\/div>\n<\/div>\n\n\n\n<div data-block-name=\"woocommerce\/empty-cart-block\" class=\"wp-block-woocommerce-empty-cart-block\">\n<h2 class=\"wp-block-heading has-text-align-center with-empty-cart-icon wc-block-cart__empty-cart__title\">Sepetiniz \u015fu anda bo\u015f!<\/h2>\n\n\n\n<hr class=\"wp-block-separator has-alpha-channel-opacity is-style-dots\"\/>\n\n\n\n<h2 class=\"wp-block-heading has-text-align-center\">Ma\u011fazada yeni<\/h2>\n\n\n<div data-block-name=\"woocommerce\/product-new\" data-columns=\"4\" data-rows=\"1\" class=\"wc-block-grid wp-block-product-new wp-block-woocommerce-product-new wc-block-product-new has-4-columns\"><ul class=\"wc-block-grid__products\"><li class=\"wc-block-grid__product\">\n\t\t\t\t<a href=\"https:\/\/bozcell.com\/?product=80kwya-kadar-inverter-montaj-bedeli\" class=\"wc-block-grid__product-link\">\n\t\t\t\t\t\n\t\t\t\t\t<div class=\"wc-block-grid__product-image\"><img loading=\"lazy\" decoding=\"async\" width=\"300\" height=\"300\" src=\"https:\/\/bozcell.com\/wp-content\/uploads\/2026\/03\/5-1-300x300.webp\" class=\"attachment-woocommerce_thumbnail size-woocommerce_thumbnail\" alt=\"80kw&#039;ya kadar \u0130nverter Montaj Bedeli\" srcset=\"https:\/\/bozcell.com\/wp-content\/uploads\/2026\/03\/5-1-300x300.webp 300w, https:\/\/bozcell.com\/wp-content\/uploads\/2026\/03\/5-1-150x150.webp 150w, https:\/\/bozcell.com\/wp-content\/uploads\/2026\/03\/5-1-100x100.webp 100w\" sizes=\"auto, (max-width: 300px) 100vw, 300px\" \/><\/div>\n\t\t\t\t\t<div class=\"wc-block-grid__product-title\">80kw&#8217;ya kadar \u0130nverter Montaj Bedeli<\/div>\n\t\t\t\t<\/a>\n\t\t\t\t<div class=\"wc-block-grid__product-price price\"><span class=\"woocommerce-Price-amount amount\"><span class=\"woocommerce-Price-currencySymbol\">&#8378;<\/span>25.000,00<\/span><\/div>\n\t\t\t\t\n\t\t\t\t<div class=\"wp-block-button wc-block-grid__product-add-to-cart\"><a href=\"\/index.php?rest_route=%2Fwp%2Fv2%2Fpages%2F43&#038;add-to-cart=663\" aria-label=\"Sepete ekle: \u201c80kw&#039;ya kadar \u0130nverter Montaj Bedeli\u201d\" data-quantity=\"1\" data-product_id=\"663\" data-product_sku=\"\" data-price=\"25000\" rel=\"nofollow\" class=\"wp-block-button__link  add_to_cart_button ajax_add_to_cart\">Sepete Ekle<\/a><\/div>\n\t\t\t<\/li><li class=\"wc-block-grid__product\">\n\t\t\t\t<a href=\"https:\/\/bozcell.com\/?product=orbus-11-kw-48-v-mppt-tam-sinus-paralellenebilir-akilli-inverter\" class=\"wc-block-grid__product-link\">\n\t\t\t\t\t\n\t\t\t\t\t<div class=\"wc-block-grid__product-image\"><img loading=\"lazy\" decoding=\"async\" width=\"240\" height=\"240\" src=\"https:\/\/bozcell.com\/wp-content\/uploads\/2026\/04\/33967_min.png\" class=\"attachment-woocommerce_thumbnail size-woocommerce_thumbnail\" alt=\"Orbus 11 kW 48 V MPPT Tam Sin\u00fcs Paralellenebilir Ak\u0131ll\u0131 \u0130nverter\" srcset=\"https:\/\/bozcell.com\/wp-content\/uploads\/2026\/04\/33967_min.png 240w, https:\/\/bozcell.com\/wp-content\/uploads\/2026\/04\/33967_min-150x150.png 150w, https:\/\/bozcell.com\/wp-content\/uploads\/2026\/04\/33967_min-100x100.png 100w\" sizes=\"auto, (max-width: 240px) 100vw, 240px\" \/><\/div>\n\t\t\t\t\t<div class=\"wc-block-grid__product-title\">Orbus 11 kW 48 V MPPT Tam Sin\u00fcs Paralellenebilir Ak\u0131ll\u0131 \u0130nverter<\/div>\n\t\t\t\t<\/a>\n\t\t\t\t<div class=\"wc-block-grid__product-price price\"><span class=\"woocommerce-Price-amount amount\"><span class=\"woocommerce-Price-currencySymbol\">&#8378;<\/span>41.950,00<\/span><\/div>\n\t\t\t\t\n\t\t\t\t<div class=\"wp-block-button wc-block-grid__product-add-to-cart\"><a href=\"\/index.php?rest_route=%2Fwp%2Fv2%2Fpages%2F43&#038;add-to-cart=659\" aria-label=\"Sepete ekle: \u201cOrbus 11 kW 48 V MPPT Tam Sin\u00fcs Paralellenebilir Ak\u0131ll\u0131 \u0130nverter\u201d\" data-quantity=\"1\" data-product_id=\"659\" data-product_sku=\"\" data-price=\"41950\" rel=\"nofollow\" class=\"wp-block-button__link  add_to_cart_button ajax_add_to_cart\">Sepete Ekle<\/a><\/div>\n\t\t\t<\/li><li class=\"wc-block-grid__product\">\n\t\t\t\t<a href=\"https:\/\/bozcell.com\/?product=orbus-anka-11-kw-48-volt-mppt-akilli-inverter-2\" class=\"wc-block-grid__product-link\">\n\t\t\t\t\t\n\t\t\t\t\t<div class=\"wc-block-grid__product-image\"><img loading=\"lazy\" decoding=\"async\" width=\"300\" height=\"300\" src=\"https:\/\/bozcell.com\/wp-content\/uploads\/2026\/04\/orbus-anka-11-kw-48-volt-mppt-akilli-inverter-17208-1-300x300.webp\" class=\"attachment-woocommerce_thumbnail size-woocommerce_thumbnail\" alt=\"Orbus Anka 11 Kw 48 Volt Mppt Ak\u0131ll\u0131 \u0130nverter\" srcset=\"https:\/\/bozcell.com\/wp-content\/uploads\/2026\/04\/orbus-anka-11-kw-48-volt-mppt-akilli-inverter-17208-1-300x300.webp 300w, https:\/\/bozcell.com\/wp-content\/uploads\/2026\/04\/orbus-anka-11-kw-48-volt-mppt-akilli-inverter-17208-1-150x150.webp 150w, https:\/\/bozcell.com\/wp-content\/uploads\/2026\/04\/orbus-anka-11-kw-48-volt-mppt-akilli-inverter-17208-1-768x768.webp 768w, https:\/\/bozcell.com\/wp-content\/uploads\/2026\/04\/orbus-anka-11-kw-48-volt-mppt-akilli-inverter-17208-1-600x600.webp 600w, https:\/\/bozcell.com\/wp-content\/uploads\/2026\/04\/orbus-anka-11-kw-48-volt-mppt-akilli-inverter-17208-1-100x100.webp 100w, https:\/\/bozcell.com\/wp-content\/uploads\/2026\/04\/orbus-anka-11-kw-48-volt-mppt-akilli-inverter-17208-1.webp 800w\" sizes=\"auto, (max-width: 300px) 100vw, 300px\" \/><\/div>\n\t\t\t\t\t<div class=\"wc-block-grid__product-title\">Orbus Anka 11 Kw 48 Volt Mppt Ak\u0131ll\u0131 \u0130nverter<\/div>\n\t\t\t\t<\/a>\n\t\t\t\t<div class=\"wc-block-grid__product-price price\"><span class=\"woocommerce-Price-amount amount\"><span class=\"woocommerce-Price-currencySymbol\">&#8378;<\/span>55.950,00<\/span><\/div>\n\t\t\t\t\n\t\t\t\t<div class=\"wp-block-button wc-block-grid__product-add-to-cart\"><a href=\"\/index.php?rest_route=%2Fwp%2Fv2%2Fpages%2F43&#038;add-to-cart=657\" aria-label=\"Sepete ekle: \u201cOrbus Anka 11 Kw 48 Volt Mppt Ak\u0131ll\u0131 \u0130nverter\u201d\" data-quantity=\"1\" data-product_id=\"657\" data-product_sku=\"\" data-price=\"55950\" rel=\"nofollow\" class=\"wp-block-button__link  add_to_cart_button ajax_add_to_cart\">Sepete Ekle<\/a><\/div>\n\t\t\t<\/li><li class=\"wc-block-grid__product\">\n\t\t\t\t<a href=\"https:\/\/bozcell.com\/?product=orbus-eco-6-2-kw-48-v-mppt-akilli-inverter\" class=\"wc-block-grid__product-link\">\n\t\t\t\t\t\n\t\t\t\t\t<div class=\"wc-block-grid__product-image\"><img loading=\"lazy\" decoding=\"async\" width=\"300\" height=\"300\" src=\"https:\/\/bozcell.com\/wp-content\/uploads\/2026\/04\/orbus-eco-6-2-kw-48-v-mppt-akilli-inverter-33082-300x300.webp\" class=\"attachment-woocommerce_thumbnail size-woocommerce_thumbnail\" alt=\"Orbus Eco 6.2 Kw 48 V Mppt Ak\u0131ll\u0131 \u0130nverter\" srcset=\"https:\/\/bozcell.com\/wp-content\/uploads\/2026\/04\/orbus-eco-6-2-kw-48-v-mppt-akilli-inverter-33082-300x300.webp 300w, https:\/\/bozcell.com\/wp-content\/uploads\/2026\/04\/orbus-eco-6-2-kw-48-v-mppt-akilli-inverter-33082-150x150.webp 150w, https:\/\/bozcell.com\/wp-content\/uploads\/2026\/04\/orbus-eco-6-2-kw-48-v-mppt-akilli-inverter-33082-768x768.webp 768w, https:\/\/bozcell.com\/wp-content\/uploads\/2026\/04\/orbus-eco-6-2-kw-48-v-mppt-akilli-inverter-33082-600x600.webp 600w, https:\/\/bozcell.com\/wp-content\/uploads\/2026\/04\/orbus-eco-6-2-kw-48-v-mppt-akilli-inverter-33082-100x100.webp 100w, https:\/\/bozcell.com\/wp-content\/uploads\/2026\/04\/orbus-eco-6-2-kw-48-v-mppt-akilli-inverter-33082.webp 800w\" sizes=\"auto, (max-width: 300px) 100vw, 300px\" \/><\/div>\n\t\t\t\t\t<div class=\"wc-block-grid__product-title\">Orbus Eco 6.2 Kw 48 V Mppt Ak\u0131ll\u0131 \u0130nverter<\/div>\n\t\t\t\t<\/a>\n\t\t\t\t<div class=\"wc-block-grid__product-price price\"><span class=\"woocommerce-Price-amount amount\"><span class=\"woocommerce-Price-currencySymbol\">&#8378;<\/span>16.200,00<\/span><\/div>\n\t\t\t\t\n\t\t\t\t<div class=\"wp-block-button wc-block-grid__product-add-to-cart\"><a href=\"\/index.php?rest_route=%2Fwp%2Fv2%2Fpages%2F43&#038;add-to-cart=652\" aria-label=\"Sepete ekle: \u201cOrbus Eco 6.2 Kw 48 V Mppt Ak\u0131ll\u0131 \u0130nverter\u201d\" data-quantity=\"1\" data-product_id=\"652\" data-product_sku=\"\" data-price=\"16200\" rel=\"nofollow\" class=\"wp-block-button__link  add_to_cart_button ajax_add_to_cart\">Sepete Ekle<\/a><\/div>\n\t\t\t<\/li><\/ul><\/div><\/div>\n<\/div>\n","protected":false},"excerpt":{"rendered":"","protected":false},"author":1,"featured_media":0,"parent":0,"menu_order":0,"comment_status":"closed","ping_status":"closed","template":"","meta":{"_mbp_gutenberg_autopost":false,"footnotes":""},"class_list":["post-43","page","type-page","status-publish","hentry"],"_links":{"self":[{"href":"https:\/\/bozcell.com\/index.php?rest_route=\/wp\/v2\/pages\/43","targetHints":{"allow":["GET"]}}],"collection":[{"href":"https:\/\/bozcell.com\/index.php?rest_route=\/wp\/v2\/pages"}],"about":[{"href":"https:\/\/bozcell.com\/index.php?rest_route=\/wp\/v2\/types\/page"}],"author":[{"embeddable":true,"href":"https:\/\/bozcell.com\/index.php?rest_route=\/wp\/v2\/users\/1"}],"replies":[{"embeddable":true,"href":"https:\/\/bozcell.com\/index.php?rest_route=%2Fwp%2Fv2%2Fcomments&post=43"}],"version-history":[{"count":1,"href":"https:\/\/bozcell.com\/index.php?rest_route=\/wp\/v2\/pages\/43\/revisions"}],"predecessor-version":[{"id":102,"href":"https:\/\/bozcell.com\/index.php?rest_route=\/wp\/v2\/pages\/43\/revisions\/102"}],"wp:attachment":[{"href":"https:\/\/bozcell.com\/index.php?rest_route=%2Fwp%2Fv2%2Fmedia&parent=43"}],"curies":[{"name":"wp","href":"https:\/\/api.w.org\/{rel}","templated":true}]}}