{"id":232,"date":"2025-12-15T08:54:04","date_gmt":"2025-12-15T08:54:04","guid":{"rendered":"https:\/\/bozcell.com\/?post_type=product&#038;p=232"},"modified":"2026-04-08T04:05:25","modified_gmt":"2026-04-08T04:05:25","slug":"solar-paket-montaj-bedeli-20-panel","status":"publish","type":"product","link":"https:\/\/bozcell.com\/?product=solar-paket-montaj-bedeli-20-panel","title":{"rendered":"Montaj Bedeli (20 Panel)"},"content":{"rendered":"<p>Kendi konfig\u00fcre etti\u011finiz Solar ekipmanlar\u0131n\u0131z\u0131 (20 panele kadar) kurulum hizmetini profesy\u00f6nel ekibimizle sa\u011fl\u0131yoruz.<\/p>\n<p>ayn\u0131 zamanda inverter ve solar DC ve AC TTR antigron kablolara kadar tam kurulum sa\u011flanmas\u0131 ak\u00fc ba\u011flant\u0131lar\u0131 fiyata dahildir.<\/p>\n<p>&nbsp;<\/p>\n","protected":false},"excerpt":{"rendered":"<p>Kendi konfig\u00fcre etti\u011finiz Solar ekipmanlar\u0131n\u0131z\u0131 (20 panele kadar) kurulum hizmetini profesy\u00f6nel ekibimizle sa\u011fl\u0131yoruz. ayn\u0131 zamanda inverter ve so<\/p>\n","protected":false},"featured_media":233,"comment_status":"open","ping_status":"closed","template":"","meta":{"_mbp_gutenberg_autopost":false},"product_brand":[30],"product_cat":[28],"product_tag":[],"class_list":{"0":"post-232","1":"product","2":"type-product","3":"status-publish","4":"has-post-thumbnail","6":"product_brand-bozcell","7":"product_cat-solar-ekipman-montaj","9":"first","10":"instock","11":"featured","12":"virtual","13":"purchasable","14":"product-type-simple"},"_links":{"self":[{"href":"https:\/\/bozcell.com\/index.php?rest_route=\/wp\/v2\/product\/232","targetHints":{"allow":["GET"]}}],"collection":[{"href":"https:\/\/bozcell.com\/index.php?rest_route=\/wp\/v2\/product"}],"about":[{"href":"https:\/\/bozcell.com\/index.php?rest_route=\/wp\/v2\/types\/product"}],"replies":[{"embeddable":true,"href":"https:\/\/bozcell.com\/index.php?rest_route=%2Fwp%2Fv2%2Fcomments&post=232"}],"wp:featuredmedia":[{"embeddable":true,"href":"https:\/\/bozcell.com\/index.php?rest_route=\/wp\/v2\/media\/233"}],"wp:attachment":[{"href":"https:\/\/bozcell.com\/index.php?rest_route=%2Fwp%2Fv2%2Fmedia&parent=232"}],"wp:term":[{"taxonomy":"product_brand","embeddable":true,"href":"https:\/\/bozcell.com\/index.php?rest_route=%2Fwp%2Fv2%2Fproduct_brand&post=232"},{"taxonomy":"product_cat","embeddable":true,"href":"https:\/\/bozcell.com\/index.php?rest_route=%2Fwp%2Fv2%2Fproduct_cat&post=232"},{"taxonomy":"product_tag","embeddable":true,"href":"https:\/\/bozcell.com\/index.php?rest_route=%2Fwp%2Fv2%2Fproduct_tag&post=232"}],"curies":[{"name":"wp","href":"https:\/\/api.w.org\/{rel}","templated":true}]}}