{"id":251,"date":"2025-12-15T09:40:07","date_gmt":"2025-12-15T09:40:07","guid":{"rendered":"https:\/\/bozcell.com\/?post_type=product&#038;p=251"},"modified":"2026-04-08T04:04:35","modified_gmt":"2026-04-08T04:04:35","slug":"panel-topraklama-hizmeti","status":"publish","type":"product","link":"https:\/\/bozcell.com\/?product=panel-topraklama-hizmeti","title":{"rendered":"Panel Topraklama Hizmeti"},"content":{"rendered":"<p>G\u00fcne\u015f enerjisi sistemi gerilimi\u00a0<strong>50 V\u2019u ge\u00e7iyorsa<\/strong> topraklama bir zorunluluktur. panelin zarar g\u00f6rmemesi ve garanti s\u00fcresini etkin bir \u015fekilde sorunsuz doldurmas\u0131 i\u00e7in mutlaka gerekmektedir. sahada ger\u00e7ekle\u015fen panel yang\u0131nlar\u0131n\u0131n %70&#8217;i topraklanma yap\u0131lmamas\u0131 %20&#8217;si montaj ray y\u00fcksekli\u011finin panel so\u011futmas\u0131na yetersiz kalmas\u0131 %10 ise Ak k\u0131sa devreden ger\u00e7ekle\u015fmektedir. bu sebeble panelinize topraklama uygulamas\u0131 yapman\u0131z\u0131 kesinlikle \u00f6nermekteyiz.<\/p>\n<p>Bir g\u00fcne\u015f enerji sistemi kurarken g\u00fcne\u015f panellerini ve ekipmanlar\u0131 topraklamak son derece \u00f6nemlidir. G\u00fcne\u015f panellerinin sa\u011flad\u0131\u011f\u0131 do\u011fru ak\u0131mda herhangi bir elektrik ka\u00e7a\u011f\u0131, alternatif ak\u0131mdan daha fazla zarar verebilir. Uluslararas\u0131 g\u00fcvenlik standartlar\u0131na g\u00f6re t\u00fcm g\u00fcne\u015f enerjisi tesisatlar\u0131 topraklanmal\u0131d\u0131r.<\/p>\n<p>Bir g\u00fcne\u015f enerji sistemi kurarken\u00a0<strong>g\u00fcne\u015f panellerini ve ekipmanlar\u0131<\/strong>\u00a0topraklamak son derece \u00f6nemlidir. G\u00fcne\u015f panellerinin sa\u011flad\u0131\u011f\u0131\u00a0<strong>do\u011fru ak\u0131mda<\/strong>\u00a0herhangi bir elektrik ka\u00e7a\u011f\u0131, alternatif ak\u0131mdan daha fazla zarar verebilir. Uluslararas\u0131 g\u00fcvenlik standartlar\u0131na g\u00f6re\u00a0<strong>t\u00fcm g\u00fcne\u015f enerjisi tesisatlar\u0131<\/strong>\u00a0topraklanmal\u0131d\u0131r.<\/p>\n","protected":false},"excerpt":{"rendered":"<p>G\u00fcne\u015f enerjisi sistemi gerilimi\u00a050 V\u2019u ge\u00e7iyorsa topraklama bir zorunluluktur. panelin zarar g\u00f6rmemesi ve garanti s\u00fcresini etkin bir \u015fekilde sorun<\/p>\n","protected":false},"featured_media":252,"comment_status":"open","ping_status":"closed","template":"","meta":{"_mbp_gutenberg_autopost":false},"product_brand":[30],"product_cat":[28],"product_tag":[],"class_list":{"0":"post-251","1":"product","2":"type-product","3":"status-publish","4":"has-post-thumbnail","6":"product_brand-bozcell","7":"product_cat-solar-ekipman-montaj","9":"first","10":"instock","11":"virtual","12":"purchasable","13":"product-type-simple"},"_links":{"self":[{"href":"https:\/\/bozcell.com\/index.php?rest_route=\/wp\/v2\/product\/251","targetHints":{"allow":["GET"]}}],"collection":[{"href":"https:\/\/bozcell.com\/index.php?rest_route=\/wp\/v2\/product"}],"about":[{"href":"https:\/\/bozcell.com\/index.php?rest_route=\/wp\/v2\/types\/product"}],"replies":[{"embeddable":true,"href":"https:\/\/bozcell.com\/index.php?rest_route=%2Fwp%2Fv2%2Fcomments&post=251"}],"wp:featuredmedia":[{"embeddable":true,"href":"https:\/\/bozcell.com\/index.php?rest_route=\/wp\/v2\/media\/252"}],"wp:attachment":[{"href":"https:\/\/bozcell.com\/index.php?rest_route=%2Fwp%2Fv2%2Fmedia&parent=251"}],"wp:term":[{"taxonomy":"product_brand","embeddable":true,"href":"https:\/\/bozcell.com\/index.php?rest_route=%2Fwp%2Fv2%2Fproduct_brand&post=251"},{"taxonomy":"product_cat","embeddable":true,"href":"https:\/\/bozcell.com\/index.php?rest_route=%2Fwp%2Fv2%2Fproduct_cat&post=251"},{"taxonomy":"product_tag","embeddable":true,"href":"https:\/\/bozcell.com\/index.php?rest_route=%2Fwp%2Fv2%2Fproduct_tag&post=251"}],"curies":[{"name":"wp","href":"https:\/\/api.w.org\/{rel}","templated":true}]}}