{"id":257,"date":"2025-12-15T10:13:09","date_gmt":"2025-12-15T10:13:09","guid":{"rendered":"https:\/\/bozcell.com\/?post_type=product&#038;p=257"},"modified":"2026-01-02T16:13:42","modified_gmt":"2026-01-02T16:13:42","slug":"kenar-panel-tutucu-35mm-clamp","status":"publish","type":"product","link":"https:\/\/bozcell.com\/?product=kenar-panel-tutucu-35mm-clamp","title":{"rendered":"Kenar Panel Tutucu 35mm (Clamp)"},"content":{"rendered":"<h3>Kenar Panel Tutucu 35mm (Clamp)<\/h3>\n<p>Panel kenar tutucu klemp, g\u00fcne\u015f panellerinin g\u00fcvenli bir \u015fekilde monte edilmesini sa\u011flayan k\u00fc\u00e7\u00fck ama kritik bir montaj ekipman\u0131d\u0131r. Solar enerji sistemlerinde, panellerin montaj konstr\u00fcksiyonuna sa\u011flam bir \u015fekilde sabitlenmesi ve uzun \u00f6m\u00fcrl\u00fc bir kullan\u0131m sunmas\u0131 i\u00e7in kullan\u0131l\u0131r.<\/p>\n","protected":false},"excerpt":{"rendered":"<p>Kenar Panel Tutucu 35mm (Clamp) Panel kenar tutucu klemp, g\u00fcne\u015f panellerinin g\u00fcvenli bir \u015fekilde monte edilmesini sa\u011flayan k\u00fc\u00e7\u00fck ama kritik bir mon<\/p>\n","protected":false},"featured_media":258,"comment_status":"open","ping_status":"closed","template":"","meta":{"_mbp_gutenberg_autopost":false},"product_brand":[30],"product_cat":[39],"product_tag":[],"class_list":{"0":"post-257","1":"product","2":"type-product","3":"status-publish","4":"has-post-thumbnail","6":"product_brand-bozcell","7":"product_cat-montaj-ekipmanlari","9":"first","10":"instock","11":"taxable","12":"shipping-taxable","13":"purchasable","14":"product-type-simple"},"_links":{"self":[{"href":"https:\/\/bozcell.com\/index.php?rest_route=\/wp\/v2\/product\/257","targetHints":{"allow":["GET"]}}],"collection":[{"href":"https:\/\/bozcell.com\/index.php?rest_route=\/wp\/v2\/product"}],"about":[{"href":"https:\/\/bozcell.com\/index.php?rest_route=\/wp\/v2\/types\/product"}],"replies":[{"embeddable":true,"href":"https:\/\/bozcell.com\/index.php?rest_route=%2Fwp%2Fv2%2Fcomments&post=257"}],"wp:featuredmedia":[{"embeddable":true,"href":"https:\/\/bozcell.com\/index.php?rest_route=\/wp\/v2\/media\/258"}],"wp:attachment":[{"href":"https:\/\/bozcell.com\/index.php?rest_route=%2Fwp%2Fv2%2Fmedia&parent=257"}],"wp:term":[{"taxonomy":"product_brand","embeddable":true,"href":"https:\/\/bozcell.com\/index.php?rest_route=%2Fwp%2Fv2%2Fproduct_brand&post=257"},{"taxonomy":"product_cat","embeddable":true,"href":"https:\/\/bozcell.com\/index.php?rest_route=%2Fwp%2Fv2%2Fproduct_cat&post=257"},{"taxonomy":"product_tag","embeddable":true,"href":"https:\/\/bozcell.com\/index.php?rest_route=%2Fwp%2Fv2%2Fproduct_tag&post=257"}],"curies":[{"name":"wp","href":"https:\/\/api.w.org\/{rel}","templated":true}]}}