{"id":268,"date":"2025-12-15T10:46:00","date_gmt":"2025-12-15T10:46:00","guid":{"rendered":"https:\/\/bozcell.com\/?post_type=product&#038;p=268"},"modified":"2025-12-15T10:46:00","modified_gmt":"2025-12-15T10:46:00","slug":"6mm-m6-sikmali-kablo-pabucu-bakir","status":"publish","type":"product","link":"https:\/\/bozcell.com\/?product=6mm-m6-sikmali-kablo-pabucu-bakir","title":{"rendered":"6mm M6 S\u0131kmal\u0131 Kablo Pabucu Bak\u0131r"},"content":{"rendered":"<h3><strong>Kesit:6mm<\/strong><\/h3>\n<h3><strong>Vida Delik \u00c7ap\u0131: M6<\/strong><\/h3>\n<h3><strong>Kullan\u0131m:Bak\u0131r\u00a0Kablo \u0130\u00e7in<\/strong><\/h3>\n<h3><\/h3>\n","protected":false},"excerpt":{"rendered":"<p>Kesit:6mm Vida Delik \u00c7ap\u0131: M6 Kullan\u0131m:Bak\u0131r\u00a0Kablo \u0130\u00e7in<\/p>\n","protected":false},"featured_media":269,"comment_status":"open","ping_status":"closed","template":"","meta":{"_mbp_gutenberg_autopost":false},"product_brand":[30],"product_cat":[23],"product_tag":[],"class_list":{"0":"post-268","1":"product","2":"type-product","3":"status-publish","4":"has-post-thumbnail","6":"product_brand-bozcell","7":"product_cat-kabloekipman","9":"first","10":"instock","11":"taxable","12":"shipping-taxable","13":"purchasable","14":"product-type-simple"},"_links":{"self":[{"href":"https:\/\/bozcell.com\/index.php?rest_route=\/wp\/v2\/product\/268","targetHints":{"allow":["GET"]}}],"collection":[{"href":"https:\/\/bozcell.com\/index.php?rest_route=\/wp\/v2\/product"}],"about":[{"href":"https:\/\/bozcell.com\/index.php?rest_route=\/wp\/v2\/types\/product"}],"replies":[{"embeddable":true,"href":"https:\/\/bozcell.com\/index.php?rest_route=%2Fwp%2Fv2%2Fcomments&post=268"}],"wp:featuredmedia":[{"embeddable":true,"href":"https:\/\/bozcell.com\/index.php?rest_route=\/wp\/v2\/media\/269"}],"wp:attachment":[{"href":"https:\/\/bozcell.com\/index.php?rest_route=%2Fwp%2Fv2%2Fmedia&parent=268"}],"wp:term":[{"taxonomy":"product_brand","embeddable":true,"href":"https:\/\/bozcell.com\/index.php?rest_route=%2Fwp%2Fv2%2Fproduct_brand&post=268"},{"taxonomy":"product_cat","embeddable":true,"href":"https:\/\/bozcell.com\/index.php?rest_route=%2Fwp%2Fv2%2Fproduct_cat&post=268"},{"taxonomy":"product_tag","embeddable":true,"href":"https:\/\/bozcell.com\/index.php?rest_route=%2Fwp%2Fv2%2Fproduct_tag&post=268"}],"curies":[{"name":"wp","href":"https:\/\/api.w.org\/{rel}","templated":true}]}}