{"id":328,"date":"2025-12-16T17:32:26","date_gmt":"2025-12-16T17:32:26","guid":{"rendered":"https:\/\/bozcell.com\/?post_type=product&#038;p=328"},"modified":"2025-12-16T17:58:34","modified_gmt":"2025-12-16T17:58:34","slug":"35mm-kirmizi-siyah-inverter-aku-kablosu","status":"publish","type":"product","link":"https:\/\/bozcell.com\/?product=35mm-kirmizi-siyah-inverter-aku-kablosu","title":{"rendered":"35mm K\u0131rm\u0131z\u0131 Siyah inverter-Ak\u00fc Kablosu"},"content":{"rendered":"<p>inverter ile Ak\u00fc aras\u0131ndaki kablodan ge\u00e7en ak\u0131m DC elektriktir. DC Geriliminde kablo kesit miktar\u0131 \u00e7ok \u00f6nemlidir. e\u011fer kablo kesiti 35mm2 den d\u00fc\u015f\u00fck ise gerilim fark\u0131ndan dolay\u0131 elektrik \u0131s\u0131ya d\u00f6n\u00fc\u015f\u00fcr ve kay\u0131p %15 \u00fczerinde olur.<\/p>\n<p>\u0131s\u0131 kayb\u0131 ve elektrikten fayday\u0131 artt\u0131rmak i\u00e7in kabloyu k\u0131sa veya kal\u0131n tutarak dengelemek gerekir. bu nedenle %100 bak\u0131r 35mm2 ak\u00fc kablosunu 1000A \u00fczeri riglerinizde 50mm2 ak\u00fc kablosu kullanman\u0131z\u0131 tavsiye ederiz.<\/p>\n<p>&nbsp;<\/p>\n","protected":false},"excerpt":{"rendered":"<p>inverter ile Ak\u00fc aras\u0131ndaki kablodan ge\u00e7en ak\u0131m DC elektriktir. DC Geriliminde kablo kesit miktar\u0131 \u00e7ok \u00f6nemlidir. e\u011fer kablo kesiti 35mm2 den d\u00fc\u015f<\/p>\n","protected":false},"featured_media":329,"comment_status":"open","ping_status":"closed","template":"","meta":{"_mbp_gutenberg_autopost":false},"product_brand":[30],"product_cat":[40],"product_tag":[],"class_list":{"0":"post-328","1":"product","2":"type-product","3":"status-publish","4":"has-post-thumbnail","6":"product_brand-bozcell","7":"product_cat-baglanti-kablolari","9":"first","10":"instock","11":"sale","12":"taxable","13":"shipping-taxable","14":"purchasable","15":"product-type-variable"},"_links":{"self":[{"href":"https:\/\/bozcell.com\/index.php?rest_route=\/wp\/v2\/product\/328","targetHints":{"allow":["GET"]}}],"collection":[{"href":"https:\/\/bozcell.com\/index.php?rest_route=\/wp\/v2\/product"}],"about":[{"href":"https:\/\/bozcell.com\/index.php?rest_route=\/wp\/v2\/types\/product"}],"replies":[{"embeddable":true,"href":"https:\/\/bozcell.com\/index.php?rest_route=%2Fwp%2Fv2%2Fcomments&post=328"}],"wp:featuredmedia":[{"embeddable":true,"href":"https:\/\/bozcell.com\/index.php?rest_route=\/wp\/v2\/media\/329"}],"wp:attachment":[{"href":"https:\/\/bozcell.com\/index.php?rest_route=%2Fwp%2Fv2%2Fmedia&parent=328"}],"wp:term":[{"taxonomy":"product_brand","embeddable":true,"href":"https:\/\/bozcell.com\/index.php?rest_route=%2Fwp%2Fv2%2Fproduct_brand&post=328"},{"taxonomy":"product_cat","embeddable":true,"href":"https:\/\/bozcell.com\/index.php?rest_route=%2Fwp%2Fv2%2Fproduct_cat&post=328"},{"taxonomy":"product_tag","embeddable":true,"href":"https:\/\/bozcell.com\/index.php?rest_route=%2Fwp%2Fv2%2Fproduct_tag&post=328"}],"curies":[{"name":"wp","href":"https:\/\/api.w.org\/{rel}","templated":true}]}}