{"id":444,"date":"2025-12-18T08:01:56","date_gmt":"2025-12-18T08:01:56","guid":{"rendered":"https:\/\/bozcell.com\/?post_type=product&#038;p=444"},"modified":"2026-04-16T07:50:47","modified_gmt":"2026-04-16T07:50:47","slug":"deye-30-kw-hibrit-trifaze-on-grid-inverter-hv-48v","status":"publish","type":"product","link":"https:\/\/bozcell.com\/?product=deye-30-kw-hibrit-trifaze-on-grid-inverter-hv-48v","title":{"rendered":"Deye 30 KW Hibrit Trifaze On Grid \u0130nverter HV (48V)"},"content":{"rendered":"<p>160 &#8211; 800 Volt Ak\u00fc Giri\u015fi<\/p>\n<p>39.000 Wp kadar G\u00fcne\u015f Paneli Ba\u011flanabilir.<\/p>\n<p>180V &#8211; 850 V Panel Giri\u015f Voltaj \u00c7al\u0131\u015fma aral\u0131\u011f\u0131.<\/p>\n<p>Uyanma voltaj gereksiniz min. 180 V<\/p>\n<p>4 mppt giri\u015f<\/p>\n<p>Renkli Lcd Ekran<\/p>\n<p>%99.9 a varan MPPT verimi<\/p>\n<p>K\u0131sa devre, a\u015f\u0131r\u0131 y\u00fck, y\u00fcksek pv giri\u015f vs. korumal\u0131.<\/p>\n<p>Wifi ile uzaktan izleme.<\/p>\n<p>\u00d6l\u00e7\u00fcs\u00fc : 527 x 894 x 294<\/p>\n<p>A\u011f\u0131rl\u0131k : 80 Kg<\/p>\n","protected":false},"excerpt":{"rendered":"<p>160 &#8211; 800 Volt Ak\u00fc Giri\u015fi 39.000 Wp kadar G\u00fcne\u015f Paneli Ba\u011flanabilir. 180V &#8211; 850 V Panel Giri\u015f Voltaj \u00c7al\u0131\u015fma aral\u0131\u011f\u0131. Uyanma voltaj<\/p>\n","protected":false},"featured_media":369,"comment_status":"open","ping_status":"closed","template":"","meta":{"_mbp_gutenberg_autopost":false},"product_brand":[20],"product_cat":[37],"product_tag":[],"class_list":{"0":"post-444","1":"product","2":"type-product","3":"status-publish","4":"has-post-thumbnail","6":"product_brand-deye","7":"product_cat-hibrit-inverter-sebekeye-bagli-inverter","9":"first","10":"instock","11":"purchasable","12":"product-type-simple"},"_links":{"self":[{"href":"https:\/\/bozcell.com\/index.php?rest_route=\/wp\/v2\/product\/444","targetHints":{"allow":["GET"]}}],"collection":[{"href":"https:\/\/bozcell.com\/index.php?rest_route=\/wp\/v2\/product"}],"about":[{"href":"https:\/\/bozcell.com\/index.php?rest_route=\/wp\/v2\/types\/product"}],"replies":[{"embeddable":true,"href":"https:\/\/bozcell.com\/index.php?rest_route=%2Fwp%2Fv2%2Fcomments&post=444"}],"wp:featuredmedia":[{"embeddable":true,"href":"https:\/\/bozcell.com\/index.php?rest_route=\/wp\/v2\/media\/369"}],"wp:attachment":[{"href":"https:\/\/bozcell.com\/index.php?rest_route=%2Fwp%2Fv2%2Fmedia&parent=444"}],"wp:term":[{"taxonomy":"product_brand","embeddable":true,"href":"https:\/\/bozcell.com\/index.php?rest_route=%2Fwp%2Fv2%2Fproduct_brand&post=444"},{"taxonomy":"product_cat","embeddable":true,"href":"https:\/\/bozcell.com\/index.php?rest_route=%2Fwp%2Fv2%2Fproduct_cat&post=444"},{"taxonomy":"product_tag","embeddable":true,"href":"https:\/\/bozcell.com\/index.php?rest_route=%2Fwp%2Fv2%2Fproduct_tag&post=444"}],"curies":[{"name":"wp","href":"https:\/\/api.w.org\/{rel}","templated":true}]}}