{"id":448,"date":"2025-12-18T08:20:44","date_gmt":"2025-12-18T08:20:44","guid":{"rendered":"https:\/\/bozcell.com\/?post_type=product&#038;p=448"},"modified":"2026-04-16T07:54:31","modified_gmt":"2026-04-16T07:54:31","slug":"deye-5-kw-hibrit-monofaze-on-grid-inverter-lv-48v","status":"publish","type":"product","link":"https:\/\/bozcell.com\/?product=deye-5-kw-hibrit-monofaze-on-grid-inverter-lv-48v","title":{"rendered":"Deye 5 KW Hibrit Monofaze On Grid \u0130nverter LV (48V)"},"content":{"rendered":"<p>40 &#8211; 60 Volt Ak\u00fc Giri\u015fi<br \/>\n10.400 Wp kadar G\u00fcne\u015f Paneli Ba\u011flanabilir.<br \/>\n370V PV nominal giri\u015fi<br \/>\n160V &#8211; 800V Panel Giri\u015f Voltaj \u00c7al\u0131\u015fma aral\u0131\u011f\u0131<br \/>\n8.800 watt a kadar AC y\u00fckleri ta\u015f\u0131yabilir.<br \/>\n%99.9 a varan MPPT verimi<br \/>\nk\u0131sa devre, a\u015f\u0131r\u0131 y\u00fck, y\u00fcksek pv giri\u015f vs. korumal\u0131.<br \/>\nWifi ile uzaktan izleme.<br \/>\n\u00f6l\u00e7\u00fcler : 68 x 42 x 23 cm<br \/>\na\u011f\u0131rl\u0131k : 33.2 kg<\/p>\n<p>S\u0131f\u0131r Kolisinde,<br \/>\n2 Y\u0131l Garantili<\/p>\n","protected":false},"excerpt":{"rendered":"<p>40 &#8211; 60 Volt Ak\u00fc Giri\u015fi 10.400 Wp kadar G\u00fcne\u015f Paneli Ba\u011flanabilir. 370V PV nominal giri\u015fi 160V &#8211; 800V Panel Giri\u015f Voltaj \u00c7al\u0131\u015fma aral<\/p>\n","protected":false},"featured_media":567,"comment_status":"open","ping_status":"closed","template":"","meta":{"_mbp_gutenberg_autopost":false},"product_brand":[20],"product_cat":[37],"product_tag":[],"class_list":{"0":"post-448","1":"product","2":"type-product","3":"status-publish","4":"has-post-thumbnail","6":"product_brand-deye","7":"product_cat-hibrit-inverter-sebekeye-bagli-inverter","9":"first","10":"instock","11":"purchasable","12":"product-type-simple"},"_links":{"self":[{"href":"https:\/\/bozcell.com\/index.php?rest_route=\/wp\/v2\/product\/448","targetHints":{"allow":["GET"]}}],"collection":[{"href":"https:\/\/bozcell.com\/index.php?rest_route=\/wp\/v2\/product"}],"about":[{"href":"https:\/\/bozcell.com\/index.php?rest_route=\/wp\/v2\/types\/product"}],"replies":[{"embeddable":true,"href":"https:\/\/bozcell.com\/index.php?rest_route=%2Fwp%2Fv2%2Fcomments&post=448"}],"wp:featuredmedia":[{"embeddable":true,"href":"https:\/\/bozcell.com\/index.php?rest_route=\/wp\/v2\/media\/567"}],"wp:attachment":[{"href":"https:\/\/bozcell.com\/index.php?rest_route=%2Fwp%2Fv2%2Fmedia&parent=448"}],"wp:term":[{"taxonomy":"product_brand","embeddable":true,"href":"https:\/\/bozcell.com\/index.php?rest_route=%2Fwp%2Fv2%2Fproduct_brand&post=448"},{"taxonomy":"product_cat","embeddable":true,"href":"https:\/\/bozcell.com\/index.php?rest_route=%2Fwp%2Fv2%2Fproduct_cat&post=448"},{"taxonomy":"product_tag","embeddable":true,"href":"https:\/\/bozcell.com\/index.php?rest_route=%2Fwp%2Fv2%2Fproduct_tag&post=448"}],"curies":[{"name":"wp","href":"https:\/\/api.w.org\/{rel}","templated":true}]}}