{"id":452,"date":"2026-01-02T16:06:30","date_gmt":"2026-01-02T16:06:30","guid":{"rendered":"https:\/\/bozcell.com\/?post_type=product&#038;p=452"},"modified":"2026-04-07T16:26:11","modified_gmt":"2026-04-07T16:26:11","slug":"ejot-vida-j6-sivri-uclu-55x25mm","status":"publish","type":"product","link":"https:\/\/bozcell.com\/?product=ejot-vida-j6-sivri-uclu-55x25mm","title":{"rendered":"EJOT V\u0130DA J6 S\u0130VR\u0130 U\u00c7LU 5,5X25mm"},"content":{"rendered":"<div class=\"product-detail-tab\" data-product-id=\"928\">\n<div class=\"product-detail-tab-content\">\n<div class=\"product-detail-tab-row active\">\n<div class=\"active\" data-tab-content=\"1\">\n<div class=\"product-detail\">\n<p data-sourcepos=\"3:1-3:164\"><strong>Ejot Vida<\/strong><\/p>\n<p data-sourcepos=\"3:1-3:164\"><strong>1 profile 4 adet olarak montaj edilir!<\/strong><\/p>\n<p>Yenilik\u00e7i tasar\u0131m\u0131 ve y\u00fcksek performans\u0131 ile fotovoltaik g\u00fcne\u015f panelleri ve ince duvarl\u0131 metal profillerin montaj\u0131nda \u00f6ne \u00e7\u0131kan bir vida markas\u0131d\u0131r.<\/p>\n<p data-sourcepos=\"5:1-5:21\"><strong>\u00dcr\u00fcn \u00d6zellikleri:<\/strong><\/p>\n<ul data-sourcepos=\"7:1-16:0\">\n<li data-sourcepos=\"7:1-7:99\"><strong>Fotovoltaik Montaj:<\/strong>\u00a0\u0130nce duvarl\u0131 metal profillere bile\u015fenleri ve dirsekleri kolayca sabitler.<\/li>\n<li data-sourcepos=\"8:1-8:151\"><strong>Ayakl\u0131 Diki\u015f Sistemleri:<\/strong>\u00a0Hafif \u00e7elik altyap\u0131lara (profilli saclar gibi) ayakl\u0131 diki\u015f sistemleri veya \u00f6n c\u0131mb\u0131z tutucular\u0131n montaj\u0131 i\u00e7in idealdir.<\/li>\n<li data-sourcepos=\"9:1-9:98\"><strong>Trapez Levha Flan\u015flar\u0131:<\/strong>\u00a0R\u00fczgar sapt\u0131r\u0131c\u0131 levhalar\u0131n profil elemanlara montaj\u0131nda kullan\u0131l\u0131r.<\/li>\n<li data-sourcepos=\"10:1-10:64\"><strong>A2 Paslanmaz \u00c7elik:<\/strong>\u00a0Korozyona dayan\u0131kl\u0131 ve uzun \u00f6m\u00fcrl\u00fcd\u00fcr.<\/li>\n<li data-sourcepos=\"11:1-11:74\"><strong>Paslanmaz \u00c7elik S\u0131zd\u0131rmazl\u0131k Rondelas\u0131:<\/strong>\u00a0M\u00fckemmel su yal\u0131t\u0131m\u0131 sa\u011flar.<\/li>\n<li data-sourcepos=\"12:1-12:97\"><strong>\u00d6nceden Monte S\u0131zd\u0131rmazl\u0131k Rondelas\u0131:<\/strong>\u00a0Montaj\u0131 kolayla\u015ft\u0131r\u0131r ve s\u0131zd\u0131rmazl\u0131\u011f\u0131 optimize eder.<\/li>\n<li data-sourcepos=\"13:1-13:55\"><strong>Hassas Konumland\u0131rma:<\/strong>\u00a0Hassas montaj imkan\u0131 sunar.<\/li>\n<li data-sourcepos=\"14:1-14:113\"><strong>Tala\u015f Olmadan ve \u00d6n Delmeye Gerek Kalmadan Sabitleme:<\/strong>\u00a0Uygulamay\u0131 kolayla\u015ft\u0131r\u0131r ve zamandan tasarruf sa\u011flar.<\/li>\n<li data-sourcepos=\"15:1-16:0\"><strong>M\u00fckemmel S\u0131k\u0131\u015ft\u0131rma \u00d6zelli\u011fi:<\/strong>\u00a0G\u00fc\u00e7l\u00fc ve g\u00fcvenli ba\u011flant\u0131 sa\u011flar.<\/li>\n<\/ul>\n<p data-sourcepos=\"17:1-17:18\"><strong>Ejot Vida ile:<\/strong><\/p>\n<ul data-sourcepos=\"19:1-23:0\">\n<li data-sourcepos=\"19:1-19:106\">G\u00fcne\u015f panellerinizi ve ince duvarl\u0131 metal profillerinizi h\u0131zl\u0131 ve kolay bir \u015fekilde monte edebilirsiniz.<\/li>\n<li data-sourcepos=\"20:1-20:56\">Uzun \u00f6m\u00fcrl\u00fc ve g\u00fcvenli ba\u011flant\u0131lar elde edebilirsiniz.<\/li>\n<li data-sourcepos=\"21:1-21:60\">Korozyon problemlerine kar\u015f\u0131 endi\u015felenmenize gerek kalmaz.<\/li>\n<li data-sourcepos=\"22:1-23:0\">Zamandan ve i\u015fg\u00fcc\u00fcnden tasarruf edebilirsiniz.<\/li>\n<\/ul>\n<p data-sourcepos=\"24:1-24:112\"><strong>Ejot Vida<\/strong>, fotovoltaik ve ince duvarl\u0131 metal profil montajlar\u0131nda en iyi \u00e7\u00f6z\u00fcm\u00fc sunmak i\u00e7in tasarlanm\u0131\u015ft\u0131r.<\/p>\n<\/div>\n<\/div>\n<\/div>\n<div class=\"product-detail-tab-row\">\n<div class=\"\" data-tab-content=\"3\">\n<div id=\"product-detail-comments\">\n<div class=\"product-detail-comments-info\">\n<div class=\"row\">\n<div class=\"col-12\"><\/div>\n<\/div>\n<\/div>\n<div class=\"product-detail-comments-buttons\">\n<div class=\"row\">\n<div class=\"col-12 text-center\">\n<div class=\"product-add-comment-button\"><\/div>\n<\/div>\n<\/div>\n<\/div>\n<\/div>\n<\/div>\n<\/div>\n<div class=\"product-detail-tab-row\">\n<div class=\"\" data-tab-content=\"4\">\n<div id=\"product-detail-questions\">\n<div class=\"product-detail-questions-info\"><\/div>\n<div class=\"product-detail-questions-buttons\">\n<div class=\"row\">\n<div class=\"col-12 text-center\"><\/div>\n<\/div>\n<\/div>\n<\/div>\n<\/div>\n<\/div>\n<div class=\"product-detail-tab-row\">\n<div class=\"\" data-tab-content=\"6\">\n<div id=\"product-detail-feed\">\n<form id=\"product-feed-form\" class=\"form\" action=\"https:\/\/www.solarsanalmarket.com\/product\/feed\" method=\"post\">\n<div class=\"product-detail-feed-container\">\n<div class=\"product-detail-feed-content\">\n<div class=\"form-group\">\n<div id=\"recaptcha\" class=\"g-recaptcha\" data-sitekey=\"6LcuZzIiAAAAAEdzmBMs-TBkWg_7ZyCunFhYvpsK\" data-callback=\"reCaptchaProductFeedSubmit\" data-size=\"visible\">\n<div>\n<div><\/div>\n<\/div>\n<\/div>\n<\/div>\n<div class=\"form-group\">\n<div class=\"col-6 col-lg-3 mx-auto text-center\">\n<div class=\"form-group\"><\/div>\n<\/div>\n<\/div>\n<\/div>\n<\/div>\n<\/form>\n<\/div>\n<\/div>\n<\/div>\n<div class=\"product-detail-tab-row\">\n<div class=\"\" data-tab-content=\"7\">\n<div id=\"shopping-experiences\">\n<div class=\"shopping-experiences-info\">\n<div class=\"row\">\n<div class=\"col-12\"><\/div>\n<\/div>\n<\/div>\n<div class=\"shopping-experiences-buttons\">\n<div class=\"row\">\n<div class=\"col-12 text-center\">\n<div class=\"shopping-experiences-button\"><\/div>\n<\/div>\n<\/div>\n<\/div>\n<\/div>\n<\/div>\n<\/div>\n<\/div>\n<\/div>\n<div class=\"default-products similar-products\">\n<div class=\"products-header-and-arrows\">\n<div class=\"slick-arrow slick-prev\" aria-label=\"Previous\" aria-disabled=\"false\"><\/div>\n<\/div>\n<\/div>\n","protected":false},"excerpt":{"rendered":"<p>Ejot Vida 1 profile 4 adet olarak montaj edilir! Yenilik\u00e7i tasar\u0131m\u0131 ve y\u00fcksek performans\u0131 ile fotovoltaik g\u00fcne\u015f panelleri ve ince duvarl\u0131 metal pro<\/p>\n","protected":false},"featured_media":453,"comment_status":"open","ping_status":"closed","template":"","meta":{"_mbp_gutenberg_autopost":false},"product_brand":[30],"product_cat":[39],"product_tag":[],"class_list":{"0":"post-452","1":"product","2":"type-product","3":"status-publish","4":"has-post-thumbnail","6":"product_brand-bozcell","7":"product_cat-montaj-ekipmanlari","9":"first","10":"instock","11":"purchasable","12":"product-type-simple"},"_links":{"self":[{"href":"https:\/\/bozcell.com\/index.php?rest_route=\/wp\/v2\/product\/452","targetHints":{"allow":["GET"]}}],"collection":[{"href":"https:\/\/bozcell.com\/index.php?rest_route=\/wp\/v2\/product"}],"about":[{"href":"https:\/\/bozcell.com\/index.php?rest_route=\/wp\/v2\/types\/product"}],"replies":[{"embeddable":true,"href":"https:\/\/bozcell.com\/index.php?rest_route=%2Fwp%2Fv2%2Fcomments&post=452"}],"wp:featuredmedia":[{"embeddable":true,"href":"https:\/\/bozcell.com\/index.php?rest_route=\/wp\/v2\/media\/453"}],"wp:attachment":[{"href":"https:\/\/bozcell.com\/index.php?rest_route=%2Fwp%2Fv2%2Fmedia&parent=452"}],"wp:term":[{"taxonomy":"product_brand","embeddable":true,"href":"https:\/\/bozcell.com\/index.php?rest_route=%2Fwp%2Fv2%2Fproduct_brand&post=452"},{"taxonomy":"product_cat","embeddable":true,"href":"https:\/\/bozcell.com\/index.php?rest_route=%2Fwp%2Fv2%2Fproduct_cat&post=452"},{"taxonomy":"product_tag","embeddable":true,"href":"https:\/\/bozcell.com\/index.php?rest_route=%2Fwp%2Fv2%2Fproduct_tag&post=452"}],"curies":[{"name":"wp","href":"https:\/\/api.w.org\/{rel}","templated":true}]}}