{"id":588,"date":"2026-04-01T14:53:19","date_gmt":"2026-04-01T14:53:19","guid":{"rendered":"https:\/\/bozcell.com\/?post_type=product&#038;p=588"},"modified":"2026-04-06T07:05:06","modified_gmt":"2026-04-06T07:05:06","slug":"tommatech-6kw-isi-pompasi-monofaze","status":"publish","type":"product","link":"https:\/\/bozcell.com\/?product=tommatech-6kw-isi-pompasi-monofaze","title":{"rendered":"Tommatech 6kW Is\u0131 Pompas\u0131 (Monofaze)"},"content":{"rendered":"<div>TommaTech 6kW Is\u0131 Pompas\u0131 (Monofaze)<\/div>\n<p>Monoblok tasar\u0131m, Full DC Inverter + EVI teknolojisi ve A+++ verim s\u0131n\u0131f\u0131 ile \u0131s\u0131tma, so\u011futma ve kullan\u0131m s\u0131cak suyu ihtiya\u00e7lar\u0131na\u00a0<b>kompakt<\/b>,\u00a0<b>sessiz<\/b>\u00a0ve\u00a0<b>y\u00fcksek verimli<\/b>\u00a0\u00e7\u00f6z\u00fcm. \u0130\u00e7 \u00fcnite gerektirmeden h\u0131zl\u0131 kurulum imk\u00e2n\u0131 sunar.<\/p>\n<div>\u00dcst\u00fcn \u00d6zellikler<\/div>\n<ul>\n<li>Mitsubishi Electric kompres\u00f6r \u2022 R32 \u00e7evreci so\u011futucu<\/li>\n<li>LCD dokunmatik ekran ve\u00a0<b>Wi-Fi<\/b>\u00a0ile uzaktan kontrol<\/li>\n<li>PV panel entegrasyonu (Smart Grid uyumu)<\/li>\n<li>EVI ile\u00a0<b>-25 \u00b0C<\/b>\u2019ye kadar kararl\u0131 \u00e7al\u0131\u015fma, +43 \u00b0C\u2019ye kadar so\u011futma<\/li>\n<li>Sessiz mod ~\u00a0<b>42 dB(A)<\/b><\/li>\n<li>Kaskad deste\u011fi (\u00e7oklu cihaz senaryolar\u0131)<\/li>\n<\/ul>\n<div>\u00d6ne \u00c7\u0131kan Avantajlar<\/div>\n<ul>\n<li>Y\u00fcksek verimlilik ve d\u00fc\u015f\u00fck i\u015fletme maliyeti<\/li>\n<li>Ak\u0131ll\u0131 su s\u0131cakl\u0131\u011f\u0131 ayar\u0131 ile konforlu iklimlendirme<\/li>\n<li>Monoblok, kompakt g\u00f6vde ile h\u0131zl\u0131 kurulum ve yerden tasarruf<\/li>\n<li>Is\u0131tma \u2022 So\u011futma \u2022 S\u0131cak su (DHW) tek cihazda<\/li>\n<\/ul>\n<div>Teknik \u00d6zellikler<\/div>\n<div>\n<table>\n<tbody>\n<tr>\n<td>G\u00fc\u00e7 Kayna\u011f\u0131<\/td>\n<td>220\u2013240 V~ \/ 50 Hz (Monofaze)<\/td>\n<\/tr>\n<tr>\n<td>Nominal Kapasite<\/td>\n<td>6 kW (\u0131s\u0131tma\/so\u011futma uygulamalar\u0131na uygun)<\/td>\n<\/tr>\n<tr>\n<td>So\u011futucu Ak\u0131\u015fkan<\/td>\n<td>R32<\/td>\n<\/tr>\n<tr>\n<td>Kompres\u00f6r<\/td>\n<td>Mitsubishi Electric \u2022 Full DC Inverter<\/td>\n<\/tr>\n<tr>\n<td>Teknoloji<\/td>\n<td>EVI (Enhanced Vapor Injection)<\/td>\n<\/tr>\n<tr>\n<td>Enerji Verimlili\u011fi<\/td>\n<td>A+++ (uygun ko\u015fullarda)<\/td>\n<\/tr>\n<tr>\n<td>Kontrol<\/td>\n<td>LCD dokunmatik ekran \u2022 Wi-Fi uzaktan eri\u015fim<\/td>\n<\/tr>\n<tr>\n<td>\u00c7al\u0131\u015fma Aral\u0131\u011f\u0131<\/td>\n<td>-25 \u00b0C ~ +43 \u00b0C<\/td>\n<\/tr>\n<tr>\n<td>Ses Seviyesi (Sessiz Mod)<\/td>\n<td>~42 dB(A)<\/td>\n<\/tr>\n<tr>\n<td>Hidrolik<\/td>\n<td>Monoblok \u2022 Sirk\u00fclasyon pompas\u0131 d\u00e2hil<\/td>\n<\/tr>\n<tr>\n<td>Fonksiyonlar<\/td>\n<td>Is\u0131tma \u2022 So\u011futma \u2022 S\u0131cak su (DHW)<\/td>\n<\/tr>\n<\/tbody>\n<\/table>\n<\/div>\n<div>\n<div><b>Uyar\u0131 (Teknik):<\/b>\u00a0Hidrolik tesisatta\u00a0<u>pislik tutucu\/filtre<\/u>,\u00a0<u>genle\u015fme tank\u0131<\/u>\u00a0ve\u00a0<u>emniyet ventili<\/u>\u00a0kullan\u0131n; uygun\u00a0<u>debi<\/u>\u00a0ve\u00a0<u>boru izolasyonu<\/u>\u00a0sa\u011flay\u0131n. Don riski olan b\u00f6lgelerde\u00a0<u>antifriz<\/u>\u00a0uygulay\u0131n. Elektrik beslemesi i\u00e7in yetkili ki\u015fi taraf\u0131ndan\u00a0<u>ka\u00e7ak ak\u0131m (RCD)<\/u>\u00a0ve uygun kesitte kablo\/sigorta se\u00e7imi yap\u0131lmal\u0131d\u0131r.<\/div>\n<\/div>\n<div>Teknik Dok\u00fcman<\/div>\n<div><img decoding=\"async\" src=\"https:\/\/cdn1.xmlbankasi.com\/p1\/vuxxttusgvov\/image\/data\/resimler\/tommatech-6kw-isi-pompasi-monofaze-32283.jpg\" alt=\"Teknik Dok\u00fcman\" \/><\/div>\n","protected":false},"excerpt":{"rendered":"<p>TommaTech 6kW Is\u0131 Pompas\u0131 (Monofaze) Monoblok tasar\u0131m, Full DC Inverter + EVI teknolojisi ve A+++ verim s\u0131n\u0131f\u0131 ile \u0131s\u0131tma, so\u011futma ve kullan\u0131m s?<\/p>\n","protected":false},"featured_media":589,"comment_status":"open","ping_status":"closed","template":"","meta":{"_mbp_gutenberg_autopost":false},"product_brand":[21],"product_cat":[56],"product_tag":[],"class_list":{"0":"post-588","1":"product","2":"type-product","3":"status-publish","4":"has-post-thumbnail","6":"product_brand-tommatech","7":"product_cat-isitma-sogutma","9":"first","10":"instock","11":"purchasable","12":"product-type-simple"},"_links":{"self":[{"href":"https:\/\/bozcell.com\/index.php?rest_route=\/wp\/v2\/product\/588","targetHints":{"allow":["GET"]}}],"collection":[{"href":"https:\/\/bozcell.com\/index.php?rest_route=\/wp\/v2\/product"}],"about":[{"href":"https:\/\/bozcell.com\/index.php?rest_route=\/wp\/v2\/types\/product"}],"replies":[{"embeddable":true,"href":"https:\/\/bozcell.com\/index.php?rest_route=%2Fwp%2Fv2%2Fcomments&post=588"}],"wp:featuredmedia":[{"embeddable":true,"href":"https:\/\/bozcell.com\/index.php?rest_route=\/wp\/v2\/media\/589"}],"wp:attachment":[{"href":"https:\/\/bozcell.com\/index.php?rest_route=%2Fwp%2Fv2%2Fmedia&parent=588"}],"wp:term":[{"taxonomy":"product_brand","embeddable":true,"href":"https:\/\/bozcell.com\/index.php?rest_route=%2Fwp%2Fv2%2Fproduct_brand&post=588"},{"taxonomy":"product_cat","embeddable":true,"href":"https:\/\/bozcell.com\/index.php?rest_route=%2Fwp%2Fv2%2Fproduct_cat&post=588"},{"taxonomy":"product_tag","embeddable":true,"href":"https:\/\/bozcell.com\/index.php?rest_route=%2Fwp%2Fv2%2Fproduct_tag&post=588"}],"curies":[{"name":"wp","href":"https:\/\/api.w.org\/{rel}","templated":true}]}}