{"id":594,"date":"2026-04-01T14:57:36","date_gmt":"2026-04-01T14:57:36","guid":{"rendered":"https:\/\/bozcell.com\/?post_type=product&#038;p=594"},"modified":"2026-04-06T07:05:19","modified_gmt":"2026-04-06T07:05:19","slug":"tommatech-13kw-isi-pompasi-monofaze","status":"publish","type":"product","link":"https:\/\/bozcell.com\/?product=tommatech-13kw-isi-pompasi-monofaze","title":{"rendered":"Tommatech 13kW Is\u0131 Pompas\u0131 (Monofaze)"},"content":{"rendered":"<div>\n<nav>\n<div class=\"nav nav-tabs\" role=\"tablist\"><button class=\"nav-link product-detail-information-btn\" tabindex=\"-1\" role=\"tab\" type=\"button\" data-bs-toggle=\"tab\" data-bs-target=\"#collapseProductInformation\" aria-selected=\"false\">\u00dcr\u00fcn Bilgileri<\/button><button class=\"nav-link\" tabindex=\"-1\" role=\"tab\" type=\"button\" data-bs-toggle=\"tab\" data-bs-target=\"#collapseProductInstallment\" aria-selected=\"false\">Taksitler<\/button><button id=\"product-review\" class=\"nav-link\" tabindex=\"-1\" role=\"tab\" type=\"button\" data-bs-toggle=\"tab\" data-bs-target=\"#collapseProductComments\" aria-selected=\"false\">Yorumlar<\/button><\/div>\n<\/nav>\n<div class=\"tab-content\">\n<div id=\"collapseProductInfo\" class=\"tab-pane fade p-2 show active\" role=\"tabpanel\">\n<div>\n<div>TommaTech 13 kW 220V Residential Is\u0131 Pompas\u0131 (Is\u0131tma &amp; So\u011futma)<\/div>\n<p>Yenilenebilir enerji ile y\u00fcksek verim: TommaTech 13 kW monofaze \u0131s\u0131 pompas\u0131, tam DC inverter ve EVI teknolojisiyle\u00a0<b>\u0131s\u0131tma, so\u011futma ve s\u0131cak su<\/b>\u00a0ihtiya\u00e7lar\u0131n\u0131 tek cihazda kar\u015f\u0131lar; -25 \u00b0C\u2019ye kadar stabil \u00e7al\u0131\u015fmay\u0131 destekler.<\/p>\n<div>\u00d6ne \u00c7\u0131kan \u00d6zellikler<\/div>\n<ul>\n<li>\u00c7evreci so\u011futucu:\u00a0<b>R32 \/ R290<\/b>\u00a0(d\u00fc\u015f\u00fck GWP)<\/li>\n<li><b>Full DC inverter<\/b>\u00a0twin-rotary kompres\u00f6r \u2022 inverter f\u0131r\u00e7as\u0131z fan motoru<\/li>\n<li><b>EVI<\/b>\u00a0(Geli\u015ftirilmi\u015f Buhar Enjeksiyonu) ile -25 \u00b0C\u2019de y\u00fcksek performans<\/li>\n<li>Ger\u00e7ek zamanl\u0131\u00a0<b>ak\u0131ll\u0131 su s\u0131cakl\u0131\u011f\u0131<\/b>\u00a0ayar\u0131<\/li>\n<li><b>6,15 COP<\/b>\u00a0ve\u00a0<b>ErP A+++\u00a0<\/b>verim s\u0131n\u0131f\u0131<\/li>\n<li><b>Wi-Fi<\/b>\u00a0ak\u0131ll\u0131 kontrol \u2022 4&#8243; renkli LCD (0,5 \u00b0C hassasiyet)<\/li>\n<li><b>Smart Grid<\/b>: GES (PV) ile entegre \u00e7al\u0131\u015fma<\/li>\n<li>Is\u0131tma \u2022 So\u011futma \u2022 S\u0131cak Su (DHW) \u2013\u00a0<b>tek cihaz<\/b><\/li>\n<\/ul>\n<div>Kullan\u0131m Alanlar\u0131<\/div>\n<ul>\n<li>Konutlar, ofisler, ma\u011fazalar<\/li>\n<li>Ba\u011f\/da\u011f evi, yazl\u0131k, k\u00fc\u00e7\u00fck ticari alanlar<\/li>\n<li>End\u00fcstriyel\/kurumsal tesislerde \u0131s\u0131tma-so\u011futma ve s\u0131cak su uygulamalar\u0131<\/li>\n<\/ul>\n<div>Teknik \u00d6zellikler<\/div>\n<div>\n<table>\n<tbody>\n<tr>\n<td>Model \/ Tip<\/td>\n<td>13 kW Residential \u2022 Monofaze 220\u2013240 V<\/td>\n<\/tr>\n<tr>\n<td>Is\u0131tma Kapasitesi (Nom.)<\/td>\n<td>13 kW<\/td>\n<\/tr>\n<tr>\n<td>COP (Is\u0131tma)<\/td>\n<td>6,15<\/td>\n<\/tr>\n<tr>\n<td>ErP Verim S\u0131n\u0131f\u0131<\/td>\n<td>A+++<\/td>\n<\/tr>\n<tr>\n<td>\u00c7al\u0131\u015fma Aral\u0131\u011f\u0131<\/td>\n<td>EVI ile \u0131s\u0131tmada -25 \u00b0C\u2019ye kadar<\/td>\n<\/tr>\n<tr>\n<td>So\u011futucu Ak\u0131\u015fkan<\/td>\n<td>R32 \/ R290\u00a0(modele g\u00f6re)<\/td>\n<\/tr>\n<tr>\n<td>Kompres\u00f6r \/ S\u00fcr\u00fc\u015f<\/td>\n<td>Full DC inverter twin-rotary<\/td>\n<\/tr>\n<tr>\n<td>Kontrol \/ Aray\u00fcz<\/td>\n<td>4&#8243; dokunmatik LCD \u2022 Wi-Fi uzaktan kontrol<\/td>\n<\/tr>\n<tr>\n<td>Fonksiyonlar<\/td>\n<td>Is\u0131tma \u2022 So\u011futma \u2022 S\u0131cak Su (DHW)<\/td>\n<\/tr>\n<tr>\n<td>Smart Grid \/ PV Uyumlulu\u011fu<\/td>\n<td>Var (GES ile entegrasyon)<\/td>\n<\/tr>\n<\/tbody>\n<\/table>\n<\/div>\n<\/div>\n<\/div>\n<\/div>\n<\/div>\n<div>\n<div><b>Uyar\u0131 (Teknik):<\/b>\u00a0Hidrolik tesisatta\u00a0<u>pislik tutucu\/filtre<\/u>,\u00a0<u>genle\u015fme tank\u0131<\/u>\u00a0ve\u00a0<u>emniyet ventili<\/u>\u00a0kullan\u0131n; uygun\u00a0<u>debi<\/u>\u00a0ve\u00a0<u>boru izolasyonu<\/u>\u00a0sa\u011flay\u0131n. Don riski olan b\u00f6lgelerde\u00a0<u>antifriz<\/u>\u00a0uygulay\u0131n. Elektrik beslemesi i\u00e7in yetkili ki\u015fi taraf\u0131ndan\u00a0<u>ka\u00e7ak ak\u0131m (RCD)<\/u>\u00a0ve uygun kesitte kablo\/sigorta se\u00e7imi yap\u0131lmal\u0131d\u0131r.<\/div>\n<\/div>\n<div>Teknik Dok\u00fcman<\/div>\n<div><img decoding=\"async\" src=\"https:\/\/cdn1.xmlbankasi.com\/p1\/vuxxttusgvov\/image\/data\/resimler\/tommatech-6kw-isi-pompasi-monofaze-32283.jpg\" alt=\"Teknik Dok\u00fcman\" \/><\/div>\n","protected":false},"excerpt":{"rendered":"<p>\u00dcr\u00fcn BilgileriTaksitlerYorumlar TommaTech 13 kW 220V Residential Is\u0131 Pompas\u0131 (Is\u0131tma &amp; So\u011futma) Yenilenebilir enerji ile y\u00fcksek verim: TommaTech<\/p>\n","protected":false},"featured_media":589,"comment_status":"open","ping_status":"closed","template":"","meta":{"_mbp_gutenberg_autopost":false},"product_brand":[21],"product_cat":[56],"product_tag":[],"class_list":{"0":"post-594","1":"product","2":"type-product","3":"status-publish","4":"has-post-thumbnail","6":"product_brand-tommatech","7":"product_cat-isitma-sogutma","9":"first","10":"instock","11":"purchasable","12":"product-type-simple"},"_links":{"self":[{"href":"https:\/\/bozcell.com\/index.php?rest_route=\/wp\/v2\/product\/594","targetHints":{"allow":["GET"]}}],"collection":[{"href":"https:\/\/bozcell.com\/index.php?rest_route=\/wp\/v2\/product"}],"about":[{"href":"https:\/\/bozcell.com\/index.php?rest_route=\/wp\/v2\/types\/product"}],"replies":[{"embeddable":true,"href":"https:\/\/bozcell.com\/index.php?rest_route=%2Fwp%2Fv2%2Fcomments&post=594"}],"wp:featuredmedia":[{"embeddable":true,"href":"https:\/\/bozcell.com\/index.php?rest_route=\/wp\/v2\/media\/589"}],"wp:attachment":[{"href":"https:\/\/bozcell.com\/index.php?rest_route=%2Fwp%2Fv2%2Fmedia&parent=594"}],"wp:term":[{"taxonomy":"product_brand","embeddable":true,"href":"https:\/\/bozcell.com\/index.php?rest_route=%2Fwp%2Fv2%2Fproduct_brand&post=594"},{"taxonomy":"product_cat","embeddable":true,"href":"https:\/\/bozcell.com\/index.php?rest_route=%2Fwp%2Fv2%2Fproduct_cat&post=594"},{"taxonomy":"product_tag","embeddable":true,"href":"https:\/\/bozcell.com\/index.php?rest_route=%2Fwp%2Fv2%2Fproduct_tag&post=594"}],"curies":[{"name":"wp","href":"https:\/\/api.w.org\/{rel}","templated":true}]}}