{"id":607,"date":"2026-04-01T15:36:33","date_gmt":"2026-04-01T15:36:33","guid":{"rendered":"https:\/\/bozcell.com\/?post_type=product&#038;p=607"},"modified":"2026-04-08T04:02:59","modified_gmt":"2026-04-08T04:02:59","slug":"isitmasogutma-isi-pompasi-montaji","status":"publish","type":"product","link":"https:\/\/bozcell.com\/?product=isitmasogutma-isi-pompasi-montaji","title":{"rendered":"Is\u0131tma&#038;So\u011futma Is\u0131 Pompas\u0131 Montaj\u0131"},"content":{"rendered":"<p>\u0131s\u0131 pompas\u0131 montaj hizmeti<\/p>\n","protected":false},"excerpt":{"rendered":"<p>\u0131s\u0131 pompas\u0131 montaj hizmeti<\/p>\n","protected":false},"featured_media":605,"comment_status":"open","ping_status":"closed","template":"","meta":{"_mbp_gutenberg_autopost":false},"product_brand":[30],"product_cat":[58,57],"product_tag":[],"class_list":{"0":"post-607","1":"product","2":"type-product","3":"status-publish","4":"has-post-thumbnail","6":"product_brand-bozcell","7":"product_cat-isitmasogutma-montaj-hizmeti","8":"product_cat-montaj-hizmetleri","10":"first","11":"instock","12":"virtual","13":"purchasable","14":"product-type-simple"},"_links":{"self":[{"href":"https:\/\/bozcell.com\/index.php?rest_route=\/wp\/v2\/product\/607","targetHints":{"allow":["GET"]}}],"collection":[{"href":"https:\/\/bozcell.com\/index.php?rest_route=\/wp\/v2\/product"}],"about":[{"href":"https:\/\/bozcell.com\/index.php?rest_route=\/wp\/v2\/types\/product"}],"replies":[{"embeddable":true,"href":"https:\/\/bozcell.com\/index.php?rest_route=%2Fwp%2Fv2%2Fcomments&post=607"}],"wp:featuredmedia":[{"embeddable":true,"href":"https:\/\/bozcell.com\/index.php?rest_route=\/wp\/v2\/media\/605"}],"wp:attachment":[{"href":"https:\/\/bozcell.com\/index.php?rest_route=%2Fwp%2Fv2%2Fmedia&parent=607"}],"wp:term":[{"taxonomy":"product_brand","embeddable":true,"href":"https:\/\/bozcell.com\/index.php?rest_route=%2Fwp%2Fv2%2Fproduct_brand&post=607"},{"taxonomy":"product_cat","embeddable":true,"href":"https:\/\/bozcell.com\/index.php?rest_route=%2Fwp%2Fv2%2Fproduct_cat&post=607"},{"taxonomy":"product_tag","embeddable":true,"href":"https:\/\/bozcell.com\/index.php?rest_route=%2Fwp%2Fv2%2Fproduct_tag&post=607"}],"curies":[{"name":"wp","href":"https:\/\/api.w.org\/{rel}","templated":true}]}}