{"id":619,"date":"2026-04-01T16:06:19","date_gmt":"2026-04-01T16:06:19","guid":{"rendered":"https:\/\/bozcell.com\/?post_type=product&#038;p=619"},"modified":"2026-04-08T04:12:25","modified_gmt":"2026-04-08T04:12:25","slug":"arac-sarj-istasyonu-montaji","status":"publish","type":"product","link":"https:\/\/bozcell.com\/?product=arac-sarj-istasyonu-montaji","title":{"rendered":"Ara\u00e7 \u015earj \u0130stasyonu Montaj\u0131"},"content":{"rendered":"<p>Elektrikli Ara\u00e7 \u015earj \u0130stasyonu montaj hizmeti<\/p>\n","protected":false},"excerpt":{"rendered":"<p>Elektrikli Ara\u00e7 \u015earj \u0130stasyonu montaj hizmeti<\/p>\n","protected":false},"featured_media":606,"comment_status":"open","ping_status":"closed","template":"","meta":{"_mbp_gutenberg_autopost":false},"product_brand":[30],"product_cat":[60,57],"product_tag":[],"class_list":{"0":"post-619","1":"product","2":"type-product","3":"status-publish","4":"has-post-thumbnail","6":"product_brand-bozcell","7":"product_cat-arac-sarj-istasyonu-montaji","8":"product_cat-montaj-hizmetleri","10":"first","11":"instock","12":"virtual","13":"purchasable","14":"product-type-simple"},"_links":{"self":[{"href":"https:\/\/bozcell.com\/index.php?rest_route=\/wp\/v2\/product\/619","targetHints":{"allow":["GET"]}}],"collection":[{"href":"https:\/\/bozcell.com\/index.php?rest_route=\/wp\/v2\/product"}],"about":[{"href":"https:\/\/bozcell.com\/index.php?rest_route=\/wp\/v2\/types\/product"}],"replies":[{"embeddable":true,"href":"https:\/\/bozcell.com\/index.php?rest_route=%2Fwp%2Fv2%2Fcomments&post=619"}],"wp:featuredmedia":[{"embeddable":true,"href":"https:\/\/bozcell.com\/index.php?rest_route=\/wp\/v2\/media\/606"}],"wp:attachment":[{"href":"https:\/\/bozcell.com\/index.php?rest_route=%2Fwp%2Fv2%2Fmedia&parent=619"}],"wp:term":[{"taxonomy":"product_brand","embeddable":true,"href":"https:\/\/bozcell.com\/index.php?rest_route=%2Fwp%2Fv2%2Fproduct_brand&post=619"},{"taxonomy":"product_cat","embeddable":true,"href":"https:\/\/bozcell.com\/index.php?rest_route=%2Fwp%2Fv2%2Fproduct_cat&post=619"},{"taxonomy":"product_tag","embeddable":true,"href":"https:\/\/bozcell.com\/index.php?rest_route=%2Fwp%2Fv2%2Fproduct_tag&post=619"}],"curies":[{"name":"wp","href":"https:\/\/api.w.org\/{rel}","templated":true}]}}