{"id":628,"date":"2026-04-05T10:50:55","date_gmt":"2026-04-05T10:50:55","guid":{"rendered":"https:\/\/bozcell.com\/?post_type=product&#038;p=628"},"modified":"2026-04-05T11:17:07","modified_gmt":"2026-04-05T11:17:07","slug":"tommatech-trio-evc-22kw-trifaze","status":"publish","type":"product","link":"https:\/\/bozcell.com\/?product=tommatech-trio-evc-22kw-trifaze","title":{"rendered":"Tommatech Trio-EVC-22kW Trifaze"},"content":{"rendered":"<p><strong>Tommatech Trio-EVC-22 kW EV Charger<\/strong><\/p>\n<p>TommaTech (EVC) Ara\u00e7 \u015earj Cihazlar\u0131, Tip II konekt\u00f6rler arac\u0131l\u0131\u011f\u0131yla Ekonomik Mod, H\u0131zl\u0131 \u015earj Modu veya \u00d6zel Mod\u2019da farkl\u0131 \u015farj standartlar\u0131na sahip elektrikli ara\u00e7lar\u0131n h\u0131zl\u0131 ve kolay bir \u015fekilde \u015farj edilmesini sa\u011flar. Ak\u0131ll\u0131 ve kompakt bir tasar\u0131ma sahip (EVC) ara\u00e7 \u015farj cihazlar\u0131, i\u00e7 ve d\u0131\u015f mekan uygulamalar\u0131nda kullan\u0131labilir ve ayn\u0131 zamanda geni\u015f \u00e7al\u0131\u015fma s\u0131cakl\u0131k aral\u0131\u011f\u0131na sahiptir. Bu da TommaTech (EVC) Ara\u00e7 \u015earj Cihazlar\u0131n\u0131 konut, ofis veya kamu uygulamalar\u0131 i\u00e7in tercih edilen se\u00e7enek haline getirir. Ek olarak, TommaTech Trio ve Uno Hibrit \u0130nvert\u00f6rler ile tam uyumlulu\u011fa sahip ara\u00e7 \u015farj cihazlar\u0131, lityum batarya uygulamalar\u0131yla birlikte g\u00fcne\u015f enerjisinden en y\u00fcksek bi\u00e7imde yararlan\u0131lmas\u0131n\u0131 m\u00fcmk\u00fcn hale getirir.<\/p>\n","protected":false},"excerpt":{"rendered":"<p>Tommatech Trio-EVC-22 kW EV Charger TommaTech (EVC) Ara\u00e7 \u015earj Cihazlar\u0131, Tip II konekt\u00f6rler arac\u0131l\u0131\u011f\u0131yla Ekonomik Mod, H\u0131zl\u0131 \u015earj Modu veya \u00d6ze<\/p>\n","protected":false},"featured_media":629,"comment_status":"open","ping_status":"closed","template":"","meta":{"_mbp_gutenberg_autopost":false},"product_brand":[21],"product_cat":[59],"product_tag":[],"class_list":{"0":"post-628","1":"product","2":"type-product","3":"status-publish","4":"has-post-thumbnail","6":"product_brand-tommatech","7":"product_cat-elektrikli-arac-istasyonlari","9":"first","10":"instock","11":"purchasable","12":"product-type-simple"},"_links":{"self":[{"href":"https:\/\/bozcell.com\/index.php?rest_route=\/wp\/v2\/product\/628","targetHints":{"allow":["GET"]}}],"collection":[{"href":"https:\/\/bozcell.com\/index.php?rest_route=\/wp\/v2\/product"}],"about":[{"href":"https:\/\/bozcell.com\/index.php?rest_route=\/wp\/v2\/types\/product"}],"replies":[{"embeddable":true,"href":"https:\/\/bozcell.com\/index.php?rest_route=%2Fwp%2Fv2%2Fcomments&post=628"}],"wp:featuredmedia":[{"embeddable":true,"href":"https:\/\/bozcell.com\/index.php?rest_route=\/wp\/v2\/media\/629"}],"wp:attachment":[{"href":"https:\/\/bozcell.com\/index.php?rest_route=%2Fwp%2Fv2%2Fmedia&parent=628"}],"wp:term":[{"taxonomy":"product_brand","embeddable":true,"href":"https:\/\/bozcell.com\/index.php?rest_route=%2Fwp%2Fv2%2Fproduct_brand&post=628"},{"taxonomy":"product_cat","embeddable":true,"href":"https:\/\/bozcell.com\/index.php?rest_route=%2Fwp%2Fv2%2Fproduct_cat&post=628"},{"taxonomy":"product_tag","embeddable":true,"href":"https:\/\/bozcell.com\/index.php?rest_route=%2Fwp%2Fv2%2Fproduct_tag&post=628"}],"curies":[{"name":"wp","href":"https:\/\/api.w.org\/{rel}","templated":true}]}}