{"id":633,"date":"2026-04-05T11:07:28","date_gmt":"2026-04-05T11:07:28","guid":{"rendered":"https:\/\/bozcell.com\/?post_type=product&#038;p=633"},"modified":"2026-04-05T11:19:22","modified_gmt":"2026-04-05T11:19:22","slug":"tommatech-trio-evc-7-2kw-monofaze","status":"publish","type":"product","link":"https:\/\/bozcell.com\/?product=tommatech-trio-evc-7-2kw-monofaze","title":{"rendered":"TommaTech Trio-EVC-7.2kW Monofaze"},"content":{"rendered":"<p>Bu \u00fcr\u00fcn tek faz olarak ge\u00e7mektedir. Garantisi 3 y\u0131ld\u0131r. \u0130stenilirse 2 y\u0131l daha uzat\u0131l\u0131p 5 y\u0131la tamamlanabilir.<\/p>\n<p>TommaTech (EVC) Ara\u00e7 \u015earj Cihazlar\u0131, Tip II konekt\u00f6rler arac\u0131l\u0131\u011f\u0131yla Ekonomik Mod, H\u0131zl\u0131 \u015earj Modu veya \u00d6zel Mod\u2019da farkl\u0131 \u015farj standartlar\u0131na sahip elektrikli ara\u00e7lar\u0131n h\u0131zl\u0131 ve kolay bir \u015fekilde \u015farj edilmesini sa\u011flar. Ak\u0131ll\u0131 ve kompakt bir tasar\u0131ma sahip (EVC) ara\u00e7 \u015farj cihazlar\u0131, i\u00e7 ve d\u0131\u015f mekan uygulamalar\u0131nda kullan\u0131labilir ve ayn\u0131 zamanda geni\u015f \u00e7al\u0131\u015fma s\u0131cakl\u0131k aral\u0131\u011f\u0131na sahiptir. Bu da TommaTech (EVC) Ara\u00e7 \u015earj Cihazlar\u0131n\u0131 konut, ofis veya kamu uygulamalar\u0131 i\u00e7in tercih edilen se\u00e7enek haline getirir. Ek olarak, TommaTech Trio ve Uno Hibrit \u0130nvert\u00f6rler ile tam uyumlulu\u011fa sahip ara\u00e7 \u015farj cihazlar\u0131, lityum batarya uygulamalar\u0131yla birlikte g\u00fcne\u015f enerjisinden en y\u00fcksek bi\u00e7imde yararlan\u0131lmas\u0131n\u0131 m\u00fcmk\u00fcn hale getirir.<\/p>\n<p>\u00dcr\u00fcnlerin hepsi fabrika \u00e7\u0131k\u0131\u015fl\u0131 barkodludur. Merak etti\u011finiz t\u00fcm \u00f6zellikleri barkodu telefonunuza okutarak g\u00f6rebilirsiniz. Piyasada sat\u0131lan 2. Kalite \u00fcr\u00fcnler gibi kesinlikle de\u011fildir. Hepsinin CE belgesi ve onay\u0131 bulunmaktad\u0131r.<\/p>\n<p>Uyar\u0131: Sekt\u00f6rde bir\u00e7ok ay\u0131pl\u0131 \u00fcr\u00fcn sat\u0131\u015f\u0131 yapan merdivenalt\u0131 firma bulunmaktad\u0131r. Al\u0131\u015fveri\u015f yapaca\u011f\u0131n\u0131z firmay\u0131 ara\u015ft\u0131rmal\u0131s\u0131n\u0131z .<\/p>\n","protected":false},"excerpt":{"rendered":"<p>Bu \u00fcr\u00fcn tek faz olarak ge\u00e7mektedir. Garantisi 3 y\u0131ld\u0131r. \u0130stenilirse 2 y\u0131l daha uzat\u0131l\u0131p 5 y\u0131la tamamlanabilir. TommaTech (EVC) Ara\u00e7 \u015earj Cihazl<\/p>\n","protected":false},"featured_media":634,"comment_status":"open","ping_status":"closed","template":"","meta":{"_mbp_gutenberg_autopost":false},"product_brand":[21],"product_cat":[59],"product_tag":[],"class_list":{"0":"post-633","1":"product","2":"type-product","3":"status-publish","4":"has-post-thumbnail","6":"product_brand-tommatech","7":"product_cat-elektrikli-arac-istasyonlari","9":"first","10":"instock","11":"purchasable","12":"product-type-simple"},"_links":{"self":[{"href":"https:\/\/bozcell.com\/index.php?rest_route=\/wp\/v2\/product\/633","targetHints":{"allow":["GET"]}}],"collection":[{"href":"https:\/\/bozcell.com\/index.php?rest_route=\/wp\/v2\/product"}],"about":[{"href":"https:\/\/bozcell.com\/index.php?rest_route=\/wp\/v2\/types\/product"}],"replies":[{"embeddable":true,"href":"https:\/\/bozcell.com\/index.php?rest_route=%2Fwp%2Fv2%2Fcomments&post=633"}],"wp:featuredmedia":[{"embeddable":true,"href":"https:\/\/bozcell.com\/index.php?rest_route=\/wp\/v2\/media\/634"}],"wp:attachment":[{"href":"https:\/\/bozcell.com\/index.php?rest_route=%2Fwp%2Fv2%2Fmedia&parent=633"}],"wp:term":[{"taxonomy":"product_brand","embeddable":true,"href":"https:\/\/bozcell.com\/index.php?rest_route=%2Fwp%2Fv2%2Fproduct_brand&post=633"},{"taxonomy":"product_cat","embeddable":true,"href":"https:\/\/bozcell.com\/index.php?rest_route=%2Fwp%2Fv2%2Fproduct_cat&post=633"},{"taxonomy":"product_tag","embeddable":true,"href":"https:\/\/bozcell.com\/index.php?rest_route=%2Fwp%2Fv2%2Fproduct_tag&post=633"}],"curies":[{"name":"wp","href":"https:\/\/api.w.org\/{rel}","templated":true}]}}