{"id":651,"date":"2026-04-08T04:05:38","date_gmt":"2026-04-08T04:05:38","guid":{"rendered":"https:\/\/bozcell.com\/?post_type=product&#038;p=651"},"modified":"2026-04-08T04:06:27","modified_gmt":"2026-04-08T04:06:27","slug":"80kw-kadar-inverter-montaj-bedeli","status":"publish","type":"product","link":"https:\/\/bozcell.com\/?product=80kw-kadar-inverter-montaj-bedeli","title":{"rendered":"80kw kadar \u0130nverter Montaj Bedeli"},"content":{"rendered":"<p>tedari\u011fini kendi sa\u011flad\u0131\u011f\u0131n\u0131z Solar ekipmanlar\u0131n\u0131z\u0131n kurulum hizmetini profesy\u00f6nel ekibimizle sa\u011fl\u0131yoruz.<\/p>\n<p>inverter ve solar DC ve AC TTR antigron kablolara kadar tam kurulum sa\u011flanmas\u0131 ak\u00fc ba\u011flant\u0131lar\u0131 fiyata dahildir.<\/p>\n<p>&nbsp;<\/p>\n","protected":false},"excerpt":{"rendered":"<p>tedari\u011fini kendi sa\u011flad\u0131\u011f\u0131n\u0131z Solar ekipmanlar\u0131n\u0131z\u0131n kurulum hizmetini profesy\u00f6nel ekibimizle sa\u011fl\u0131yoruz. inverter ve solar DC ve AC TTR antigr<\/p>\n","protected":false},"featured_media":581,"comment_status":"open","ping_status":"closed","template":"","meta":{"_mbp_gutenberg_autopost":false},"product_brand":[30],"product_cat":[28],"product_tag":[],"class_list":{"0":"post-651","1":"product","2":"type-product","3":"status-publish","4":"has-post-thumbnail","6":"product_brand-bozcell","7":"product_cat-solar-ekipman-montaj","9":"first","10":"instock","11":"featured","12":"virtual","13":"purchasable","14":"product-type-simple"},"_links":{"self":[{"href":"https:\/\/bozcell.com\/index.php?rest_route=\/wp\/v2\/product\/651","targetHints":{"allow":["GET"]}}],"collection":[{"href":"https:\/\/bozcell.com\/index.php?rest_route=\/wp\/v2\/product"}],"about":[{"href":"https:\/\/bozcell.com\/index.php?rest_route=\/wp\/v2\/types\/product"}],"replies":[{"embeddable":true,"href":"https:\/\/bozcell.com\/index.php?rest_route=%2Fwp%2Fv2%2Fcomments&post=651"}],"wp:featuredmedia":[{"embeddable":true,"href":"https:\/\/bozcell.com\/index.php?rest_route=\/wp\/v2\/media\/581"}],"wp:attachment":[{"href":"https:\/\/bozcell.com\/index.php?rest_route=%2Fwp%2Fv2%2Fmedia&parent=651"}],"wp:term":[{"taxonomy":"product_brand","embeddable":true,"href":"https:\/\/bozcell.com\/index.php?rest_route=%2Fwp%2Fv2%2Fproduct_brand&post=651"},{"taxonomy":"product_cat","embeddable":true,"href":"https:\/\/bozcell.com\/index.php?rest_route=%2Fwp%2Fv2%2Fproduct_cat&post=651"},{"taxonomy":"product_tag","embeddable":true,"href":"https:\/\/bozcell.com\/index.php?rest_route=%2Fwp%2Fv2%2Fproduct_tag&post=651"}],"curies":[{"name":"wp","href":"https:\/\/api.w.org\/{rel}","templated":true}]}}