{"id":657,"date":"2026-04-10T17:38:33","date_gmt":"2026-04-10T17:38:33","guid":{"rendered":"https:\/\/bozcell.com\/?post_type=product&#038;p=657"},"modified":"2026-04-10T18:01:53","modified_gmt":"2026-04-10T18:01:53","slug":"orbus-anka-11-kw-48-volt-mppt-akilli-inverter-2","status":"publish","type":"product","link":"https:\/\/bozcell.com\/?product=orbus-anka-11-kw-48-volt-mppt-akilli-inverter-2","title":{"rendered":"Orbus Anka 11 Kw 48 Volt Mppt Ak\u0131ll\u0131 \u0130nverter"},"content":{"rendered":"<div id=\"product_detail_main_wrapper\" class=\"container\">\n<div id=\"home_wrapper\" class=\"row\" data-cmp-order=\"\">\n<div id=\"17755811172417\" class=\"cmp col-12\" data-cmp-type=\"product_information_tab\" data-cmp-key=\"product_information_tab#1\">\n<div class=\"tab-content\">\n<div id=\"collapseProductInfo\" class=\"tab-pane fade p-2 show active\" role=\"tabpanel\">\n<div id=\"product_detail_main_wrapper\" class=\"container\">\n<div id=\"home_wrapper\" class=\"row\" data-cmp-order=\"\">\n<div id=\"17758414946519\" class=\"cmp col-12\" data-cmp-type=\"product_information_tab\" data-cmp-key=\"product_information_tab#1\">\n<div class=\"tab-content\">\n<div id=\"collapseProductInfo\" class=\"tab-pane fade p-2 show active\" role=\"tabpanel\">\n<div><strong>Orbus Anka 11 Kw 48 Volt Mppt Ak\u0131ll\u0131 \u0130nverter<\/strong><\/div>\n<div>9 seri 2 paralel g\u00fcne\u015f paneli..<\/div>\n<div>Nominal G\u00fcc\u00fc: 11000\/11000<br \/>\nParalel Kapasitesi: 6 adet<br \/>\nVoltaj: 230 VAC<br \/>\nSe\u00e7ilebilir Voltaj Aral\u0131\u011f\u0131: 170 &#8211; 280 VAC (Ki\u015fisel Bilgisayarlar \u0130\u00e7in) ; 90-280<br \/>\nFrekans Aral\u0131\u011f\u0131: 50Hz \/ 60Hz (Otomatik alg\u0131lama)<br \/>\nAC Voltaj Reg\u00fclasyonu (Ak\u00fc. Modu): 230VAC 5%<br \/>\nDalgalanam g\u00fcc\u00fc: 22000VA<br \/>\nVerimlilik (Tepe): 93%<br \/>\nTransfer zaman\u0131: 10 ms (Ki\u015fisel Bilgisayarlar \u0130\u00e7in) ; 20ms (Ev Aletleri \u0130\u00e7in)<br \/>\nDalga formu: Saf sin\u00fcs dalgas\u0131<br \/>\nAk\u00fc Voltaj: 48 VDC<br \/>\nFloating \u015earj Voltaj\u0131: 55 VDC<br \/>\nA\u015f\u0131r\u0131 \u015earj Korumas\u0131: 66 VDC<br \/>\nSolar \u015earj tipi: MPPT<br \/>\nMaksimum PV Dizi G\u00fcc\u00fc: 11000<br \/>\nMPP Aral\u0131\u011f\u0131 @ \u00c7al\u0131\u015fma Voltaj\u0131: 120-450<br \/>\nMaksimum PV dizi A\u00e7\u0131k Devre Gerilimi: 500<br \/>\nMaximum Solar \u015earj Ak\u0131m\u0131: 80<br \/>\nMaximum AC \u015earj Ak\u0131m: 80<br \/>\nMaximum \u015earj Ak\u0131m: 80<br \/>\nBOYUT D x W x H (mm): 147.4&#215;432.5&#215;553.6<br \/>\nNet A\u011f\u0131rl\u0131k (kgs): 18i4<br \/>\n\u0130leti\u015fim Aray\u00fcz\u00fc: USB \/ RS232 \/ RS485 \/ Wi-Fi (Yo\u011fu\u015fmas\u0131z)<br \/>\nNem: 5% to 95% Ba\u011f\u0131l Nem (Yo\u011fu\u015fmas\u0131z)<br \/>\n\u00c7al\u0131\u015fma S\u0131cakl\u0131\u011f\u0131: -10 C ila 50 C<br \/>\nDepolama S\u0131cakl\u0131\u011f\u0131: -15 C ila 60 C<br \/>\nUyma: CE<\/div>\n<\/div>\n<\/div>\n<\/div>\n<\/div>\n<\/div>\n<\/div>\n<\/div>\n<\/div>\n<\/div>\n<\/div>\n","protected":false},"excerpt":{"rendered":"<p>Nominal G\u00fcc\u00fc: 11000\/11000<br \/>\nParalel Kapasitesi: 6 adet<br \/>\nVoltaj: 230 VAC<br \/>\nSe\u00e7ilebilir Voltaj Aral\u0131\u011f\u0131: 170 &#8211; 280 VAC (Ki\u015fisel Bilgisayarlar \u0130\u00e7in) ; 9<\/p>\n","protected":false},"featured_media":658,"comment_status":"open","ping_status":"closed","template":"","meta":{"_mbp_gutenberg_autopost":false},"product_brand":[31],"product_cat":[55],"product_tag":[],"class_list":{"0":"post-657","1":"product","2":"type-product","3":"status-publish","4":"has-post-thumbnail","6":"product_brand-orbus","7":"product_cat-off-grid-akilli-inverterler","9":"first","10":"instock","11":"purchasable","12":"product-type-simple"},"_links":{"self":[{"href":"https:\/\/bozcell.com\/index.php?rest_route=\/wp\/v2\/product\/657","targetHints":{"allow":["GET"]}}],"collection":[{"href":"https:\/\/bozcell.com\/index.php?rest_route=\/wp\/v2\/product"}],"about":[{"href":"https:\/\/bozcell.com\/index.php?rest_route=\/wp\/v2\/types\/product"}],"replies":[{"embeddable":true,"href":"https:\/\/bozcell.com\/index.php?rest_route=%2Fwp%2Fv2%2Fcomments&post=657"}],"wp:featuredmedia":[{"embeddable":true,"href":"https:\/\/bozcell.com\/index.php?rest_route=\/wp\/v2\/media\/658"}],"wp:attachment":[{"href":"https:\/\/bozcell.com\/index.php?rest_route=%2Fwp%2Fv2%2Fmedia&parent=657"}],"wp:term":[{"taxonomy":"product_brand","embeddable":true,"href":"https:\/\/bozcell.com\/index.php?rest_route=%2Fwp%2Fv2%2Fproduct_brand&post=657"},{"taxonomy":"product_cat","embeddable":true,"href":"https:\/\/bozcell.com\/index.php?rest_route=%2Fwp%2Fv2%2Fproduct_cat&post=657"},{"taxonomy":"product_tag","embeddable":true,"href":"https:\/\/bozcell.com\/index.php?rest_route=%2Fwp%2Fv2%2Fproduct_tag&post=657"}],"curies":[{"name":"wp","href":"https:\/\/api.w.org\/{rel}","templated":true}]}}